{"id":3880,"date":"2026-04-09T14:03:44","date_gmt":"2026-04-09T14:03:44","guid":{"rendered":"https:\/\/hub.paper-checker.com\/?page_id=3880"},"modified":"2026-04-09T14:03:44","modified_gmt":"2026-04-09T14:03:44","slug":"blog","status":"publish","type":"page","link":"https:\/\/hub.paper-checker.com\/cs\/blog\/","title":{"rendered":"BLOG"},"content":{"rendered":"<p>V\u011bda stoj\u00edc\u00ed za stanovov\u00e1n\u00edm c\u00edl\u016f a akademick\u00fdm \u00fasp\u011bchem<br \/> Stanoven\u00ed c\u00edl\u016f nen\u00ed jen motiva\u010dn\u00ed technika; M\u00e1 siln\u00fd psychologick\u00fd z\u00e1klad. Kdy\u017e si studenti stanov\u00ed c\u00edle, vytvo\u0159\u00ed pl\u00e1n, kter\u00fd \u0159\u00edd\u00ed jejich \u00fasil\u00ed a rozhodnut\u00ed. V\u00fdzkum v kognitivn\u00ed psychologii nazna\u010duje, \u017ee stanovov\u00e1n\u00ed c\u00edl\u016f zvy\u0161uje zam\u011b\u0159en\u00ed, posiluje dovednosti p\u0159i \u0159e\u0161en\u00ed probl\u00e9m\u016f a podporuje r\u016fstov\u00e9 my\u0161len\u00ed. Stanoven\u00edm c\u00edl\u016f si studenti definuj\u00ed jasn\u00e1 o\u010dek\u00e1v\u00e1n\u00ed pro sebe, co\u017e usnad\u0148uje sledov\u00e1n\u00ed pokroku a p\u0159izp\u016fsoben\u00ed se v p\u0159\u00edpad\u011b pot\u0159eby.<\/p>\n<p>Studie nav\u00edc ukazuj\u00ed, \u017ee studenti, kte\u0159\u00ed si stanov\u00ed konkr\u00e9tn\u00ed akademick\u00e9 c\u00edle, pravd\u011bpodobn\u011b z\u016fstanou zapojeni do sv\u00fdch kurz\u016f. Dob\u0159e definovan\u00fd c\u00edl poskytuje smysl a sm\u011br, kter\u00fd zabra\u0148uje pocit\u016fm bezc\u00edlnosti a prokrastinace. Nam\u00edsto pasivn\u00ed pr\u00e1ce na \u00fakolech podnikaj\u00ed c\u00edlen\u011b orientovan\u00ed studenti proaktivn\u00ed kroky ke zlep\u0161en\u00ed sv\u00e9ho porozum\u011bn\u00ed a v\u00fdkonu.<\/p>\n","protected":false},"excerpt":{"rendered":"<p>V\u011bda stoj\u00edc\u00ed za stanovov\u00e1n\u00edm c\u00edl\u016f a akademick\u00fdm \u00fasp\u011bchem Stanoven\u00ed c\u00edl\u016f nen\u00ed jen motiva\u010dn\u00ed technika; M\u00e1 siln\u00fd psychologick\u00fd z\u00e1klad. Kdy\u017e si studenti stanov\u00ed c\u00edle, vytvo\u0159\u00ed pl\u00e1n, kter\u00fd \u0159\u00edd\u00ed jejich \u00fasil\u00ed a rozhodnut\u00ed. V\u00fdzkum v kognitivn\u00ed psychologii nazna\u010duje, \u017ee stanovov\u00e1n\u00ed c\u00edl\u016f zvy\u0161uje zam\u011b\u0159en\u00ed, posiluje dovednosti p\u0159i \u0159e\u0161en\u00ed probl\u00e9m\u016f a podporuje r\u016fstov\u00e9 my\u0161len\u00ed. Stanoven\u00edm c\u00edl\u016f si studenti definuj\u00ed [&hellip;]<\/p>\n","protected":false},"author":1,"featured_media":0,"parent":0,"menu_order":0,"comment_status":"closed","ping_status":"closed","template":"","meta":{"_acf_changed":false,"_yoast_wpseo_title":"Insights & Updates: Z\u016fsta\u0148te vp\u0159edu s um\u011blou inteligenc\u00ed, tipy pro psan\u00ed a detekc\u00ed plagi\u00e1t\u016f","_yoast_wpseo_metadesc":"Prozkoumejte n\u00e1\u0161 blog, kde najdete odborn\u00e9 poznatky o trendech AI, detekci plagi\u00e1t\u016f a zlep\u0161en\u00ed psan\u00ed. Z\u016fsta\u0148te informov\u00e1ni, chra\u0148te sv\u016fj obsah a vynikejte ve vyv\u00edjej\u00edc\u00edm se digit\u00e1ln\u00edm sv\u011bt\u011b.","_locale":"cs_CZ","_original_post":"https:\/\/paper-checker.com\/?page_id=1562","iawp_total_views":0,"footnotes":""},"class_list":["post-3880","page","type-page","status-publish","hentry","cs-CZ"],"acf":[],"yoast_head":"<!-- This site is optimized with the Yoast SEO plugin v27.5 - https:\/\/yoast.com\/product\/yoast-seo-wordpress\/ -->\n<title>Insights &amp; Updates: Z\u016fsta\u0148te vp\u0159edu s um\u011blou inteligenc\u00ed, tipy pro psan\u00ed a detekc\u00ed plagi\u00e1t\u016f<\/title>\n<meta name=\"description\" content=\"Prozkoumejte n\u00e1\u0161 blog, kde najdete odborn\u00e9 poznatky o trendech AI, detekci plagi\u00e1t\u016f a zlep\u0161en\u00ed psan\u00ed. Z\u016fsta\u0148te informov\u00e1ni, chra\u0148te sv\u016fj obsah a vynikejte ve vyv\u00edjej\u00edc\u00edm se digit\u00e1ln\u00edm sv\u011bt\u011b.\" \/>\n<meta name=\"robots\" content=\"index, follow, max-snippet:-1, max-image-preview:large, max-video-preview:-1\" \/>\n<link rel=\"canonical\" href=\"https:\/\/hub.paper-checker.com\/cs\/blog\/\" \/>\n<meta property=\"og:locale\" content=\"cs_CZ\" \/>\n<meta property=\"og:type\" content=\"article\" \/>\n<meta property=\"og:title\" content=\"Insights &amp; Updates: Z\u016fsta\u0148te vp\u0159edu s um\u011blou inteligenc\u00ed, tipy pro psan\u00ed a detekc\u00ed plagi\u00e1t\u016f\" \/>\n<meta property=\"og:description\" content=\"Prozkoumejte n\u00e1\u0161 blog, kde najdete odborn\u00e9 poznatky o trendech AI, detekci plagi\u00e1t\u016f a zlep\u0161en\u00ed psan\u00ed. Z\u016fsta\u0148te informov\u00e1ni, chra\u0148te sv\u016fj obsah a vynikejte ve vyv\u00edjej\u00edc\u00edm se digit\u00e1ln\u00edm sv\u011bt\u011b.\" \/>\n<meta property=\"og:url\" content=\"https:\/\/hub.paper-checker.com\/cs\/blog\/\" \/>\n<meta property=\"og:site_name\" content=\"Paper Checker\" \/>\n<meta property=\"og:image\" content=\"https:\/\/hub.paper-checker.com\/wp-content\/uploads\/2024\/12\/home.jpg\" \/>\n\t<meta property=\"og:image:width\" content=\"1200\" \/>\n\t<meta property=\"og:image:height\" content=\"675\" \/>\n\t<meta property=\"og:image:type\" content=\"image\/jpeg\" \/>\n<meta name=\"twitter:card\" content=\"summary_large_image\" \/>\n<meta name=\"twitter:label1\" content=\"Odhadovan\u00e1 doba \u010dten\u00ed\" \/>\n\t<meta name=\"twitter:data1\" content=\"1 minuta\" \/>\n<!-- \/ Yoast SEO plugin. -->","yoast_head_json":{"title":"Insights & Updates: Z\u016fsta\u0148te vp\u0159edu s um\u011blou inteligenc\u00ed, tipy pro psan\u00ed a detekc\u00ed plagi\u00e1t\u016f","description":"Prozkoumejte n\u00e1\u0161 blog, kde najdete odborn\u00e9 poznatky o trendech AI, detekci plagi\u00e1t\u016f a zlep\u0161en\u00ed psan\u00ed. Z\u016fsta\u0148te informov\u00e1ni, chra\u0148te sv\u016fj obsah a vynikejte ve vyv\u00edjej\u00edc\u00edm se digit\u00e1ln\u00edm sv\u011bt\u011b.","robots":{"index":"index","follow":"follow","max-snippet":"max-snippet:-1","max-image-preview":"max-image-preview:large","max-video-preview":"max-video-preview:-1"},"canonical":"https:\/\/hub.paper-checker.com\/cs\/blog\/","og_locale":"cs_CZ","og_type":"article","og_title":"Insights & Updates: Z\u016fsta\u0148te vp\u0159edu s um\u011blou inteligenc\u00ed, tipy pro psan\u00ed a detekc\u00ed plagi\u00e1t\u016f","og_description":"Prozkoumejte n\u00e1\u0161 blog, kde najdete odborn\u00e9 poznatky o trendech AI, detekci plagi\u00e1t\u016f a zlep\u0161en\u00ed psan\u00ed. Z\u016fsta\u0148te informov\u00e1ni, chra\u0148te sv\u016fj obsah a vynikejte ve vyv\u00edjej\u00edc\u00edm se digit\u00e1ln\u00edm sv\u011bt\u011b.","og_url":"https:\/\/hub.paper-checker.com\/cs\/blog\/","og_site_name":"Paper Checker","og_image":[{"width":1200,"height":675,"url":"https:\/\/hub.paper-checker.com\/wp-content\/uploads\/2024\/12\/home.jpg","type":"image\/jpeg"}],"twitter_card":"summary_large_image","twitter_misc":{"Odhadovan\u00e1 doba \u010dten\u00ed":"1 minuta"},"schema":{"@context":"https:\/\/schema.org","@graph":[{"@type":"WebPage","@id":"https:\/\/hub.paper-checker.com\/cs\/blog\/","url":"https:\/\/hub.paper-checker.com\/cs\/blog\/","name":"Insights & Updates: Z\u016fsta\u0148te vp\u0159edu s um\u011blou inteligenc\u00ed, tipy pro psan\u00ed a detekc\u00ed plagi\u00e1t\u016f","isPartOf":{"@id":"https:\/\/hub.paper-checker.com\/#website"},"datePublished":"2026-04-09T14:03:44+00:00","description":"Prozkoumejte n\u00e1\u0161 blog, kde najdete odborn\u00e9 poznatky o trendech AI, detekci plagi\u00e1t\u016f a zlep\u0161en\u00ed psan\u00ed. Z\u016fsta\u0148te informov\u00e1ni, chra\u0148te sv\u016fj obsah a vynikejte ve vyv\u00edjej\u00edc\u00edm se digit\u00e1ln\u00edm sv\u011bt\u011b.","breadcrumb":{"@id":"https:\/\/hub.paper-checker.com\/cs\/blog\/#breadcrumb"},"inLanguage":"cs","potentialAction":[{"@type":"ReadAction","target":["https:\/\/hub.paper-checker.com\/cs\/blog\/"]}]},{"@type":"BreadcrumbList","@id":"https:\/\/hub.paper-checker.com\/cs\/blog\/#breadcrumb","itemListElement":[{"@type":"ListItem","position":1,"name":"Home","item":"https:\/\/hub.paper-checker.com\/cs\/resources\/"},{"@type":"ListItem","position":2,"name":"BLOG"}]},{"@type":"WebSite","@id":"https:\/\/hub.paper-checker.com\/#website","url":"https:\/\/hub.paper-checker.com\/","name":"Paper Checker","description":"","publisher":{"@id":"https:\/\/hub.paper-checker.com\/#organization"},"potentialAction":[{"@type":"SearchAction","target":{"@type":"EntryPoint","urlTemplate":"https:\/\/hub.paper-checker.com\/?s={search_term_string}"},"query-input":{"@type":"PropertyValueSpecification","valueRequired":true,"valueName":"search_term_string"}}],"inLanguage":"cs"},{"@type":"Organization","@id":"https:\/\/hub.paper-checker.com\/#organization","name":"Paper Checker","url":"https:\/\/hub.paper-checker.com\/","logo":{"@type":"ImageObject","inLanguage":"cs","@id":"https:\/\/hub.paper-checker.com\/#\/schema\/logo\/image\/","url":"https:\/\/paper-checker.com\/wp-content\/uploads\/2024\/12\/Group.png","contentUrl":"https:\/\/paper-checker.com\/wp-content\/uploads\/2024\/12\/Group.png","width":30,"height":30,"caption":"Paper Checker"},"image":{"@id":"https:\/\/hub.paper-checker.com\/#\/schema\/logo\/image\/"}}]}},"_links":{"self":[{"href":"https:\/\/hub.paper-checker.com\/wp-json\/wp\/v2\/pages\/3880","targetHints":{"allow":["GET"]}}],"collection":[{"href":"https:\/\/hub.paper-checker.com\/wp-json\/wp\/v2\/pages"}],"about":[{"href":"https:\/\/hub.paper-checker.com\/wp-json\/wp\/v2\/types\/page"}],"author":[{"embeddable":true,"href":"https:\/\/hub.paper-checker.com\/wp-json\/wp\/v2\/users\/1"}],"replies":[{"embeddable":true,"href":"https:\/\/hub.paper-checker.com\/wp-json\/wp\/v2\/comments?post=3880"}],"version-history":[{"count":1,"href":"https:\/\/hub.paper-checker.com\/wp-json\/wp\/v2\/pages\/3880\/revisions"}],"predecessor-version":[{"id":3885,"href":"https:\/\/hub.paper-checker.com\/wp-json\/wp\/v2\/pages\/3880\/revisions\/3885"}],"wp:attachment":[{"href":"https:\/\/hub.paper-checker.com\/wp-json\/wp\/v2\/media?parent=3880"}],"curies":[{"name":"wp","href":"https:\/\/api.w.org\/{rel}","templated":true}]}}